{"id":147,"date":"2020-04-15T23:29:50","date_gmt":"2020-04-15T23:29:50","guid":{"rendered":"https:\/\/aeroport-de-cotonou.bj\/?page_id=147"},"modified":"2022-08-10T11:25:50","modified_gmt":"2022-08-10T11:25:50","slug":"compagnies-aeriennes","status":"publish","type":"page","link":"https:\/\/aeroport-de-cotonou.bj\/en\/professionnels\/compagnies-aeriennes\/","title":{"rendered":"Airline companies"},"content":{"rendered":"\t\t<div data-elementor-type=\"wp-page\" data-elementor-id=\"147\" class=\"elementor elementor-147\">\n\t\t\t\t\t\t<section class=\"has_ae_slider elementor-section elementor-top-section elementor-element elementor-element-4de70a2 elementor-section-stretched elementor-section-boxed elementor-section-height-default elementor-section-height-default ae-bg-gallery-type-default\" data-id=\"4de70a2\" data-element_type=\"section\" data-e-type=\"section\" data-settings=\"{&quot;stretch_section&quot;:&quot;section-stretched&quot;}\">\n\t\t\t\t\t\t<div class=\"elementor-container elementor-column-gap-default\">\n\t\t\t\t\t<div class=\"has_ae_slider elementor-column elementor-col-100 elementor-top-column elementor-element elementor-element-62312d9 ae-bg-gallery-type-default\" data-id=\"62312d9\" data-element_type=\"column\" data-e-type=\"column\">\n\t\t\t<div class=\"elementor-widget-wrap elementor-element-populated\">\n\t\t\t\t\t\t<div class=\"elementor-element elementor-element-bf2dafe elementor--h-position-center elementor--v-position-middle elementor-arrows-position-inside elementor-pagination-position-inside elementor-widget elementor-widget-slides\" data-id=\"bf2dafe\" data-element_type=\"widget\" data-e-type=\"widget\" data-settings=\"{&quot;autoplay_speed&quot;:1000,&quot;navigation&quot;:&quot;both&quot;,&quot;autoplay&quot;:&quot;yes&quot;,&quot;pause_on_hover&quot;:&quot;yes&quot;,&quot;pause_on_interaction&quot;:&quot;yes&quot;,&quot;infinite&quot;:&quot;yes&quot;,&quot;transition&quot;:&quot;slide&quot;,&quot;transition_speed&quot;:500}\" data-widget_type=\"slides.default\">\n\t\t\t\t<div class=\"elementor-widget-container\">\n\t\t\t\t\t\t\t<div class=\"elementor-swiper\">\n\t\t\t<div class=\"elementor-slides-wrapper elementor-main-swiper swiper-container\" dir=\"ltr\" data-animation=\"fadeInUp\">\n\t\t\t\t<div class=\"swiper-wrapper elementor-slides\">\n\t\t\t\t\t<div class=\"elementor-repeater-item-c5a0bb0 swiper-slide\"><div class=\"swiper-slide-bg\"><\/div><div class=\"swiper-slide-inner\" ><div class=\"swiper-slide-contents\"><\/div><\/div><\/div><div class=\"elementor-repeater-item-c3e7989 swiper-slide\"><div class=\"swiper-slide-bg\"><\/div><div class=\"swiper-slide-inner\" ><div class=\"swiper-slide-contents\"><\/div><\/div><\/div><div class=\"elementor-repeater-item-83f233f swiper-slide\"><div class=\"swiper-slide-bg\"><\/div><div class=\"swiper-slide-inner\" ><div class=\"swiper-slide-contents\"><\/div><\/div><\/div><div class=\"elementor-repeater-item-b041be4 swiper-slide\"><div class=\"swiper-slide-bg\"><\/div><div class=\"swiper-slide-inner\" ><div class=\"swiper-slide-contents\"><\/div><\/div><\/div><div class=\"elementor-repeater-item-b057016 swiper-slide\"><div class=\"swiper-slide-bg\"><\/div><div class=\"swiper-slide-inner\" ><div class=\"swiper-slide-contents\"><\/div><\/div><\/div><div class=\"elementor-repeater-item-e3ec4f9 swiper-slide\"><div class=\"swiper-slide-bg\"><\/div><div class=\"swiper-slide-inner\" ><div class=\"swiper-slide-contents\"><\/div><\/div><\/div><div class=\"elementor-repeater-item-e3317d6 swiper-slide\"><div class=\"swiper-slide-bg\"><\/div><div class=\"swiper-slide-inner\" ><div class=\"swiper-slide-contents\"><\/div><\/div><\/div><div class=\"elementor-repeater-item-f561a8c swiper-slide\"><div class=\"swiper-slide-bg\"><\/div><div class=\"swiper-slide-inner\" ><div class=\"swiper-slide-contents\"><\/div><\/div><\/div><div class=\"elementor-repeater-item-7f80033 swiper-slide\"><div class=\"swiper-slide-bg\"><\/div><div class=\"swiper-slide-inner\" ><div class=\"swiper-slide-contents\"><\/div><\/div><\/div><div class=\"elementor-repeater-item-8363d23 swiper-slide\"><div class=\"swiper-slide-bg\"><\/div><div class=\"swiper-slide-inner\" ><div class=\"swiper-slide-contents\"><\/div><\/div><\/div><div class=\"elementor-repeater-item-4788520 swiper-slide\"><div class=\"swiper-slide-bg\"><\/div><div class=\"swiper-slide-inner\" ><div class=\"swiper-slide-contents\"><\/div><\/div><\/div>\t\t\t\t<\/div>\n\t\t\t\t\t\t\t\t\t\t\t\t\t\t\t<div class=\"swiper-pagination\"><\/div>\n\t\t\t\t\t\t\t\t\t\t\t\t\t\t\t\t<div class=\"elementor-swiper-button elementor-swiper-button-prev\">\n\t\t\t\t\t\t\t<i class=\"eicon-chevron-left\" aria-hidden=\"true\"><\/i>\n\t\t\t\t\t\t\t<span class=\"elementor-screen-only\">Previous<\/span>\n\t\t\t\t\t\t<\/div>\n\t\t\t\t\t\t<div class=\"elementor-swiper-button elementor-swiper-button-next\">\n\t\t\t\t\t\t\t<i class=\"eicon-chevron-right\" aria-hidden=\"true\"><\/i>\n\t\t\t\t\t\t\t<span class=\"elementor-screen-only\">Next<\/span>\n\t\t\t\t\t\t<\/div>\n\t\t\t\t\t\t\t\t\t\t\t\t<\/div>\n\t\t<\/div>\n\t\t\t\t\t\t<\/div>\n\t\t\t\t<\/div>\n\t\t\t\t\t<\/div>\n\t\t<\/div>\n\t\t\t\t\t<\/div>\n\t\t<\/section>\n\t\t\t\t<section class=\"has_ae_slider elementor-section elementor-top-section elementor-element elementor-element-216f05e3 elementor-section-stretched elementor-section-boxed elementor-section-height-default elementor-section-height-default ae-bg-gallery-type-default\" data-id=\"216f05e3\" data-element_type=\"section\" data-e-type=\"section\" data-settings=\"{&quot;stretch_section&quot;:&quot;section-stretched&quot;,&quot;background_background&quot;:&quot;classic&quot;}\">\n\t\t\t\t\t\t<div class=\"elementor-container elementor-column-gap-default\">\n\t\t\t\t\t<div class=\"has_ae_slider elementor-column elementor-col-100 elementor-top-column elementor-element elementor-element-64daadf8 ae-bg-gallery-type-default\" data-id=\"64daadf8\" data-element_type=\"column\" data-e-type=\"column\">\n\t\t\t<div class=\"elementor-widget-wrap elementor-element-populated\">\n\t\t\t\t\t\t<section class=\"has_ae_slider elementor-section elementor-inner-section elementor-element elementor-element-fca7a6e elementor-section-boxed elementor-section-height-default elementor-section-height-default ae-bg-gallery-type-default\" data-id=\"fca7a6e\" data-element_type=\"section\" data-e-type=\"section\">\n\t\t\t\t\t\t<div class=\"elementor-container elementor-column-gap-default\">\n\t\t\t\t\t<div class=\"has_ae_slider elementor-column elementor-col-100 elementor-inner-column elementor-element elementor-element-ce9700f ae-bg-gallery-type-default\" data-id=\"ce9700f\" data-element_type=\"column\" data-e-type=\"column\">\n\t\t\t<div class=\"elementor-widget-wrap elementor-element-populated\">\n\t\t\t\t\t\t<div class=\"elementor-element elementor-element-18c124e5 elementor-widget elementor-widget-heading\" data-id=\"18c124e5\" data-element_type=\"widget\" data-e-type=\"widget\" data-widget_type=\"heading.default\">\n\t\t\t\t<div class=\"elementor-widget-container\">\n\t\t\t\t\t<h2 class=\"elementor-heading-title elementor-size-default\">Compagnies a\u00e9riennes <\/h2>\t\t\t\t<\/div>\n\t\t\t\t<\/div>\n\t\t\t\t\t<\/div>\n\t\t<\/div>\n\t\t\t\t\t<\/div>\n\t\t<\/section>\n\t\t\t\t\t<\/div>\n\t\t<\/div>\n\t\t\t\t\t<\/div>\n\t\t<\/section>\n\t\t\t\t<section class=\"has_ae_slider elementor-section elementor-top-section elementor-element elementor-element-c4055d7 elementor-section-boxed elementor-section-height-default elementor-section-height-default ae-bg-gallery-type-default\" data-id=\"c4055d7\" data-element_type=\"section\" data-e-type=\"section\">\n\t\t\t\t\t\t<div class=\"elementor-container elementor-column-gap-default\">\n\t\t\t\t\t<div class=\"has_ae_slider elementor-column elementor-col-50 elementor-top-column elementor-element elementor-element-815f8eb ae-bg-gallery-type-default\" data-id=\"815f8eb\" data-element_type=\"column\" data-e-type=\"column\">\n\t\t\t<div class=\"elementor-widget-wrap elementor-element-populated\">\n\t\t\t\t\t\t<div class=\"elementor-element elementor-element-e3b4e3f elementor-widget elementor-widget-heading\" data-id=\"e3b4e3f\" data-element_type=\"widget\" data-e-type=\"widget\" data-widget_type=\"heading.default\">\n\t\t\t\t<div class=\"elementor-widget-container\">\n\t\t\t\t\t<h4 class=\"elementor-heading-title elementor-size-default\">Une infrastructure \u00e0 la pointe de l\u2019innovation. <\/h4>\t\t\t\t<\/div>\n\t\t\t\t<\/div>\n\t\t\t\t<div class=\"elementor-element elementor-element-e8bf677 elementor-widget elementor-widget-text-editor\" data-id=\"e8bf677\" data-element_type=\"widget\" data-e-type=\"widget\" data-widget_type=\"text-editor.default\">\n\t\t\t\t<div class=\"elementor-widget-container\">\n\t\t\t\t\t\t\t\t\t<p>L\u2019a\u00e9roport International Cardinal Bernardin Gantin de Cadj\u00e8houn vous accueille sur une plateforme en constante \u00e9volution, avec un \u00e9quipement parfaitement adapt\u00e9 aux besoins de ses partenaires et r\u00e9pondant \u00e0 une qualit\u00e9 de service maximale.<\/p><p><a href=\"https:\/\/aeroport-de-cotonou.bj\/aeroport\/statistiques-mensuelles\/\">\u2022 Statistiques<\/a><\/p><p>\u2022 Newsletter \/ D\u00e9veloppement<\/p>\t\t\t\t\t\t\t\t<\/div>\n\t\t\t\t<\/div>\n\t\t\t\t\t<\/div>\n\t\t<\/div>\n\t\t\t\t<div class=\"has_ae_slider elementor-column elementor-col-50 elementor-top-column elementor-element elementor-element-54680f5 ae-bg-gallery-type-default\" data-id=\"54680f5\" data-element_type=\"column\" data-e-type=\"column\">\n\t\t\t<div class=\"elementor-widget-wrap\">\n\t\t\t\t\t\t\t<\/div>\n\t\t<\/div>\n\t\t\t\t\t<\/div>\n\t\t<\/section>\n\t\t\t\t<section class=\"has_ae_slider elementor-section elementor-top-section elementor-element elementor-element-5431af1 elementor-section-boxed elementor-section-height-default elementor-section-height-default ae-bg-gallery-type-default\" data-id=\"5431af1\" data-element_type=\"section\" data-e-type=\"section\">\n\t\t\t\t\t\t<div class=\"elementor-container elementor-column-gap-default\">\n\t\t\t\t\t<div class=\"has_ae_slider elementor-column elementor-col-50 elementor-top-column elementor-element elementor-element-c53346d ae-bg-gallery-type-default\" data-id=\"c53346d\" data-element_type=\"column\" data-e-type=\"column\">\n\t\t\t<div class=\"elementor-widget-wrap elementor-element-populated\">\n\t\t\t\t\t\t<div class=\"elementor-element elementor-element-514bed9 elementor-widget elementor-widget-text-editor\" data-id=\"514bed9\" data-element_type=\"widget\" data-e-type=\"widget\" data-widget_type=\"text-editor.default\">\n\t\t\t\t<div class=\"elementor-widget-container\">\n\t\t\t\t\t\t\t\t\t<p>Nous contacter<\/p>\t\t\t\t\t\t\t\t<\/div>\n\t\t\t\t<\/div>\n\t\t\t\t<div class=\"elementor-element elementor-element-a5fe903 elementor-widget elementor-widget-shortcode\" data-id=\"a5fe903\" data-element_type=\"widget\" data-e-type=\"widget\" data-widget_type=\"shortcode.default\">\n\t\t\t\t<div class=\"elementor-widget-container\">\n\t\t\t\t\t\t\t<div class=\"elementor-shortcode\">[wpforms id=\"1615\" title=\"false\" description=\"false\"]<\/div>\n\t\t\t\t\t\t<\/div>\n\t\t\t\t<\/div>\n\t\t\t\t\t<\/div>\n\t\t<\/div>\n\t\t\t\t<div class=\"has_ae_slider elementor-column elementor-col-50 elementor-top-column elementor-element elementor-element-01d7fa8 ae-bg-gallery-type-default\" data-id=\"01d7fa8\" data-element_type=\"column\" data-e-type=\"column\">\n\t\t\t<div class=\"elementor-widget-wrap\">\n\t\t\t\t\t\t\t<\/div>\n\t\t<\/div>\n\t\t\t\t\t<\/div>\n\t\t<\/section>\n\t\t\t\t<\/div>\n\t\t","protected":false},"excerpt":{"rendered":"<p>Pr\u00e9c\u00e9dent Suivant Compagnies a\u00e9riennes Une infrastructure \u00e0 la pointe de l\u2019innovation. L\u2019a\u00e9roport International Cardinal Bernardin Gantin de Cadj\u00e8houn vous accueille sur une plateforme en constante \u00e9volution, avec un \u00e9quipement parfaitement adapt\u00e9 aux besoins de ses partenaires et r\u00e9pondant \u00e0 une qualit\u00e9 de service maximale. \u2022 Statistiques \u2022 Newsletter \/ D\u00e9veloppement Nous contacter [wpforms id=\u00a0\u00bb1615&Prime; title=\u00a0\u00bbfalse\u00a0\u00bb [&hellip;]<\/p>\n","protected":false},"author":2,"featured_media":0,"parent":40,"menu_order":0,"comment_status":"closed","ping_status":"closed","template":"","meta":{"_acf_changed":false,"footnotes":""},"class_list":["post-147","page","type-page","status-publish","hentry"],"acf":[],"yoast_head":"<!-- This site is optimized with the Yoast SEO plugin v27.1.1 - https:\/\/yoast.com\/product\/yoast-seo-wordpress\/ -->\n<title>Compagnies ae\u0301riennes - aeroport de cotonou<\/title>\n<meta name=\"robots\" content=\"index, follow, max-snippet:-1, max-image-preview:large, max-video-preview:-1\" \/>\n<link rel=\"canonical\" href=\"https:\/\/aeroport-de-cotonou.bj\/en\/professionnels\/compagnies-aeriennes\/\" \/>\n<meta property=\"og:locale\" content=\"en_US\" \/>\n<meta property=\"og:type\" content=\"article\" \/>\n<meta property=\"og:title\" content=\"Compagnies ae\u0301riennes - aeroport de cotonou\" \/>\n<meta property=\"og:description\" content=\"Pr\u00e9c\u00e9dent Suivant Compagnies a\u00e9riennes Une infrastructure \u00e0 la pointe de l\u2019innovation. L\u2019a\u00e9roport International Cardinal Bernardin Gantin de Cadj\u00e8houn vous accueille sur une plateforme en constante \u00e9volution, avec un \u00e9quipement parfaitement adapt\u00e9 aux besoins de ses partenaires et r\u00e9pondant \u00e0 une qualit\u00e9 de service maximale. \u2022 Statistiques \u2022 Newsletter \/ D\u00e9veloppement Nous contacter [wpforms id=\u00a0\u00bb1615&Prime; title=\u00a0\u00bbfalse\u00a0\u00bb [&hellip;]\" \/>\n<meta property=\"og:url\" content=\"https:\/\/aeroport-de-cotonou.bj\/en\/professionnels\/compagnies-aeriennes\/\" \/>\n<meta property=\"og:site_name\" content=\"aeroport de cotonou\" \/>\n<meta property=\"article:modified_time\" content=\"2022-08-10T11:25:50+00:00\" \/>\n<meta name=\"twitter:card\" content=\"summary_large_image\" \/>\n<meta name=\"twitter:label1\" content=\"Est. reading time\" \/>\n\t<meta name=\"twitter:data1\" content=\"1 minute\" \/>\n<!-- \/ Yoast SEO plugin. -->","yoast_head_json":{"title":"Compagnies ae\u0301riennes - aeroport de cotonou","robots":{"index":"index","follow":"follow","max-snippet":"max-snippet:-1","max-image-preview":"max-image-preview:large","max-video-preview":"max-video-preview:-1"},"canonical":"https:\/\/aeroport-de-cotonou.bj\/en\/professionnels\/compagnies-aeriennes\/","og_locale":"en_US","og_type":"article","og_title":"Compagnies ae\u0301riennes - aeroport de cotonou","og_description":"Pr\u00e9c\u00e9dent Suivant Compagnies a\u00e9riennes Une infrastructure \u00e0 la pointe de l\u2019innovation. L\u2019a\u00e9roport International Cardinal Bernardin Gantin de Cadj\u00e8houn vous accueille sur une plateforme en constante \u00e9volution, avec un \u00e9quipement parfaitement adapt\u00e9 aux besoins de ses partenaires et r\u00e9pondant \u00e0 une qualit\u00e9 de service maximale. \u2022 Statistiques \u2022 Newsletter \/ D\u00e9veloppement Nous contacter [wpforms id=\u00a0\u00bb1615&Prime; title=\u00a0\u00bbfalse\u00a0\u00bb [&hellip;]","og_url":"https:\/\/aeroport-de-cotonou.bj\/en\/professionnels\/compagnies-aeriennes\/","og_site_name":"aeroport de cotonou","article_modified_time":"2022-08-10T11:25:50+00:00","twitter_card":"summary_large_image","twitter_misc":{"Est. reading time":"1 minute"},"schema":{"@context":"https:\/\/schema.org","@graph":[{"@type":"WebPage","@id":"https:\/\/aeroport-de-cotonou.bj\/professionnels\/compagnies-aeriennes\/","url":"https:\/\/aeroport-de-cotonou.bj\/professionnels\/compagnies-aeriennes\/","name":"Compagnies ae\u0301riennes - aeroport de cotonou","isPartOf":{"@id":"https:\/\/aeroport-de-cotonou.bj\/#website"},"datePublished":"2020-04-15T23:29:50+00:00","dateModified":"2022-08-10T11:25:50+00:00","breadcrumb":{"@id":"https:\/\/aeroport-de-cotonou.bj\/professionnels\/compagnies-aeriennes\/#breadcrumb"},"inLanguage":"en-US","potentialAction":[{"@type":"ReadAction","target":["https:\/\/aeroport-de-cotonou.bj\/professionnels\/compagnies-aeriennes\/"]}]},{"@type":"BreadcrumbList","@id":"https:\/\/aeroport-de-cotonou.bj\/professionnels\/compagnies-aeriennes\/#breadcrumb","itemListElement":[{"@type":"ListItem","position":1,"name":"Accueil","item":"https:\/\/aeroport-de-cotonou.bj\/"},{"@type":"ListItem","position":2,"name":"Professionnels","item":"https:\/\/aeroport-de-cotonou.bj\/professionnels\/"},{"@type":"ListItem","position":3,"name":"Compagnies ae\u0301riennes"}]},{"@type":"WebSite","@id":"https:\/\/aeroport-de-cotonou.bj\/#website","url":"https:\/\/aeroport-de-cotonou.bj\/","name":"aeroport de cotonou","description":"Cotonou Airport","publisher":{"@id":"https:\/\/aeroport-de-cotonou.bj\/#organization"},"potentialAction":[{"@type":"SearchAction","target":{"@type":"EntryPoint","urlTemplate":"https:\/\/aeroport-de-cotonou.bj\/?s={search_term_string}"},"query-input":{"@type":"PropertyValueSpecification","valueRequired":true,"valueName":"search_term_string"}}],"inLanguage":"en-US"},{"@type":"Organization","@id":"https:\/\/aeroport-de-cotonou.bj\/#organization","name":"aeroport de cotonou","url":"https:\/\/aeroport-de-cotonou.bj\/","logo":{"@type":"ImageObject","inLanguage":"en-US","@id":"https:\/\/aeroport-de-cotonou.bj\/#\/schema\/logo\/image\/","url":"https:\/\/aeroport-de-cotonou.bj\/wp-content\/uploads\/2022\/11\/logo_sab_fv-1.svg","contentUrl":"https:\/\/aeroport-de-cotonou.bj\/wp-content\/uploads\/2022\/11\/logo_sab_fv-1.svg","width":410,"height":85,"caption":"aeroport de cotonou"},"image":{"@id":"https:\/\/aeroport-de-cotonou.bj\/#\/schema\/logo\/image\/"}}]}},"jetpack_sharing_enabled":true,"_links":{"self":[{"href":"https:\/\/aeroport-de-cotonou.bj\/en\/wp-json\/wp\/v2\/pages\/147","targetHints":{"allow":["GET"]}}],"collection":[{"href":"https:\/\/aeroport-de-cotonou.bj\/en\/wp-json\/wp\/v2\/pages"}],"about":[{"href":"https:\/\/aeroport-de-cotonou.bj\/en\/wp-json\/wp\/v2\/types\/page"}],"author":[{"embeddable":true,"href":"https:\/\/aeroport-de-cotonou.bj\/en\/wp-json\/wp\/v2\/users\/2"}],"replies":[{"embeddable":true,"href":"https:\/\/aeroport-de-cotonou.bj\/en\/wp-json\/wp\/v2\/comments?post=147"}],"version-history":[{"count":0,"href":"https:\/\/aeroport-de-cotonou.bj\/en\/wp-json\/wp\/v2\/pages\/147\/revisions"}],"up":[{"embeddable":true,"href":"https:\/\/aeroport-de-cotonou.bj\/en\/wp-json\/wp\/v2\/pages\/40"}],"wp:attachment":[{"href":"https:\/\/aeroport-de-cotonou.bj\/en\/wp-json\/wp\/v2\/media?parent=147"}],"curies":[{"name":"wp","href":"https:\/\/api.w.org\/{rel}","templated":true}]}}