{"id":42,"date":"2020-04-15T13:20:08","date_gmt":"2020-04-15T13:20:08","guid":{"rendered":"https:\/\/aeroport-de-cotonou.bj\/?page_id=42"},"modified":"2020-10-18T10:12:05","modified_gmt":"2020-10-18T10:12:05","slug":"aeroport","status":"publish","type":"page","link":"https:\/\/aeroport-de-cotonou.bj\/en\/aeroport\/","title":{"rendered":"The Airport"},"content":{"rendered":"<p>La Soci\u00e9t\u00e9 des A\u00e9roports du B\u00e9nin,\nSoci\u00e9t\u00e9 anonyme publique a en charge la gestion des a\u00e9roports du B\u00e9nin en\nparticulier l\u2019a\u00e9roport de Cotonou. <\/p>\n\n\n\n<p>L\u2019A\u00e9roport de Cotonou est situ\u00e9 dans la capitale \u00e9conomique du B\u00e9nin \u00e0 quelques encablures de la mer. Il s\u2019\u00e9tend sur une superficie de 250 hectares. Il accueille aujourd\u2019hui plus de 500.000 passagers par an, une vingtaine de compagnies a\u00e9riennes et regroupe une centaine entreprises qui exercent des activit\u00e9s a\u00e9ronautiques et extra a\u00e9ronautiques.<\/p>\n\n\n\n<p>2020 est pour la SAB une ann\u00e9e de grands\nchantiers sur tous les plans pour changer le visage de l\u2019a\u00e9roport. Les travaux\nd\u2019extension et de r\u00e9am\u00e9nagement du hall D\u00e9part d\u00e9marr\u00e9s en 2019, s\u2019ach\u00e8veront\nen juin 2020. La r\u00e9fection de la piste, l\u2019extension du hall arriv\u00e9e, le r\u00e9am\u00e9nagement\ndes parkings autos, la certification de l\u2019a\u00e9rodrome sont autant de chantiers\npr\u00e9vus. <\/p>","protected":false},"excerpt":{"rendered":"<p>La Soci\u00e9t\u00e9 des A\u00e9roports du B\u00e9nin, Soci\u00e9t\u00e9 anonyme publique a en charge la gestion des a\u00e9roports du B\u00e9nin en particulier l\u2019a\u00e9roport de Cotonou. L\u2019A\u00e9roport de Cotonou est situ\u00e9 dans la capitale \u00e9conomique du B\u00e9nin \u00e0 quelques encablures de la mer. Il s\u2019\u00e9tend sur une superficie de 250 hectares. Il accueille aujourd\u2019hui plus de 500.000 passagers [&hellip;]<\/p>\n","protected":false},"author":2,"featured_media":0,"parent":0,"menu_order":0,"comment_status":"closed","ping_status":"closed","template":"","meta":{"_acf_changed":false,"footnotes":""},"class_list":["post-42","page","type-page","status-publish","hentry"],"acf":[],"yoast_head":"<!-- This site is optimized with the Yoast SEO plugin v27.1.1 - https:\/\/yoast.com\/product\/yoast-seo-wordpress\/ -->\n<title>L&#039;A\u00e9roport - aeroport de cotonou<\/title>\n<meta name=\"robots\" content=\"index, follow, max-snippet:-1, max-image-preview:large, max-video-preview:-1\" \/>\n<link rel=\"canonical\" href=\"https:\/\/aeroport-de-cotonou.bj\/en\/aeroport\/\" \/>\n<meta property=\"og:locale\" content=\"en_US\" \/>\n<meta property=\"og:type\" content=\"article\" \/>\n<meta property=\"og:title\" content=\"L&#039;A\u00e9roport - aeroport de cotonou\" \/>\n<meta property=\"og:description\" content=\"La Soci\u00e9t\u00e9 des A\u00e9roports du B\u00e9nin, Soci\u00e9t\u00e9 anonyme publique a en charge la gestion des a\u00e9roports du B\u00e9nin en particulier l\u2019a\u00e9roport de Cotonou. L\u2019A\u00e9roport de Cotonou est situ\u00e9 dans la capitale \u00e9conomique du B\u00e9nin \u00e0 quelques encablures de la mer. Il s\u2019\u00e9tend sur une superficie de 250 hectares. Il accueille aujourd\u2019hui plus de 500.000 passagers [&hellip;]\" \/>\n<meta property=\"og:url\" content=\"https:\/\/aeroport-de-cotonou.bj\/en\/aeroport\/\" \/>\n<meta property=\"og:site_name\" content=\"aeroport de cotonou\" \/>\n<meta property=\"article:modified_time\" content=\"2020-10-18T10:12:05+00:00\" \/>\n<meta name=\"twitter:card\" content=\"summary_large_image\" \/>\n<meta name=\"twitter:label1\" content=\"Est. reading time\" \/>\n\t<meta name=\"twitter:data1\" content=\"1 minute\" \/>\n<!-- \/ Yoast SEO plugin. -->","yoast_head_json":{"title":"L'A\u00e9roport - aeroport de cotonou","robots":{"index":"index","follow":"follow","max-snippet":"max-snippet:-1","max-image-preview":"max-image-preview:large","max-video-preview":"max-video-preview:-1"},"canonical":"https:\/\/aeroport-de-cotonou.bj\/en\/aeroport\/","og_locale":"en_US","og_type":"article","og_title":"L'A\u00e9roport - aeroport de cotonou","og_description":"La Soci\u00e9t\u00e9 des A\u00e9roports du B\u00e9nin, Soci\u00e9t\u00e9 anonyme publique a en charge la gestion des a\u00e9roports du B\u00e9nin en particulier l\u2019a\u00e9roport de Cotonou. L\u2019A\u00e9roport de Cotonou est situ\u00e9 dans la capitale \u00e9conomique du B\u00e9nin \u00e0 quelques encablures de la mer. Il s\u2019\u00e9tend sur une superficie de 250 hectares. Il accueille aujourd\u2019hui plus de 500.000 passagers [&hellip;]","og_url":"https:\/\/aeroport-de-cotonou.bj\/en\/aeroport\/","og_site_name":"aeroport de cotonou","article_modified_time":"2020-10-18T10:12:05+00:00","twitter_card":"summary_large_image","twitter_misc":{"Est. reading time":"1 minute"},"schema":{"@context":"https:\/\/schema.org","@graph":[{"@type":"WebPage","@id":"https:\/\/aeroport-de-cotonou.bj\/aeroport\/","url":"https:\/\/aeroport-de-cotonou.bj\/aeroport\/","name":"L'A\u00e9roport - aeroport de cotonou","isPartOf":{"@id":"https:\/\/aeroport-de-cotonou.bj\/#website"},"datePublished":"2020-04-15T13:20:08+00:00","dateModified":"2020-10-18T10:12:05+00:00","breadcrumb":{"@id":"https:\/\/aeroport-de-cotonou.bj\/aeroport\/#breadcrumb"},"inLanguage":"en-US","potentialAction":[{"@type":"ReadAction","target":["https:\/\/aeroport-de-cotonou.bj\/aeroport\/"]}]},{"@type":"BreadcrumbList","@id":"https:\/\/aeroport-de-cotonou.bj\/aeroport\/#breadcrumb","itemListElement":[{"@type":"ListItem","position":1,"name":"Accueil","item":"https:\/\/aeroport-de-cotonou.bj\/"},{"@type":"ListItem","position":2,"name":"L&rsquo;A\u00e9roport"}]},{"@type":"WebSite","@id":"https:\/\/aeroport-de-cotonou.bj\/#website","url":"https:\/\/aeroport-de-cotonou.bj\/","name":"aeroport de cotonou","description":"Cotonou Airport","publisher":{"@id":"https:\/\/aeroport-de-cotonou.bj\/#organization"},"potentialAction":[{"@type":"SearchAction","target":{"@type":"EntryPoint","urlTemplate":"https:\/\/aeroport-de-cotonou.bj\/?s={search_term_string}"},"query-input":{"@type":"PropertyValueSpecification","valueRequired":true,"valueName":"search_term_string"}}],"inLanguage":"en-US"},{"@type":"Organization","@id":"https:\/\/aeroport-de-cotonou.bj\/#organization","name":"aeroport de cotonou","url":"https:\/\/aeroport-de-cotonou.bj\/","logo":{"@type":"ImageObject","inLanguage":"en-US","@id":"https:\/\/aeroport-de-cotonou.bj\/#\/schema\/logo\/image\/","url":"https:\/\/aeroport-de-cotonou.bj\/wp-content\/uploads\/2022\/11\/logo_sab_fv-1.svg","contentUrl":"https:\/\/aeroport-de-cotonou.bj\/wp-content\/uploads\/2022\/11\/logo_sab_fv-1.svg","width":410,"height":85,"caption":"aeroport de cotonou"},"image":{"@id":"https:\/\/aeroport-de-cotonou.bj\/#\/schema\/logo\/image\/"}}]}},"jetpack_sharing_enabled":true,"_links":{"self":[{"href":"https:\/\/aeroport-de-cotonou.bj\/en\/wp-json\/wp\/v2\/pages\/42","targetHints":{"allow":["GET"]}}],"collection":[{"href":"https:\/\/aeroport-de-cotonou.bj\/en\/wp-json\/wp\/v2\/pages"}],"about":[{"href":"https:\/\/aeroport-de-cotonou.bj\/en\/wp-json\/wp\/v2\/types\/page"}],"author":[{"embeddable":true,"href":"https:\/\/aeroport-de-cotonou.bj\/en\/wp-json\/wp\/v2\/users\/2"}],"replies":[{"embeddable":true,"href":"https:\/\/aeroport-de-cotonou.bj\/en\/wp-json\/wp\/v2\/comments?post=42"}],"version-history":[{"count":0,"href":"https:\/\/aeroport-de-cotonou.bj\/en\/wp-json\/wp\/v2\/pages\/42\/revisions"}],"wp:attachment":[{"href":"https:\/\/aeroport-de-cotonou.bj\/en\/wp-json\/wp\/v2\/media?parent=42"}],"curies":[{"name":"wp","href":"https:\/\/api.w.org\/{rel}","templated":true}]}}